{"id":182,"date":"2018-05-17T11:52:00","date_gmt":"2018-05-17T11:52:00","guid":{"rendered":"http:\/\/paliodeplata.com\/tienda\/?page_id=182"},"modified":"2022-08-30T19:17:18","modified_gmt":"2022-08-30T17:17:18","slug":"metodos-de-pago","status":"publish","type":"page","link":"https:\/\/paliodeplata.com\/tienda\/metodos-de-pago\/","title":{"rendered":"M\u00e9todos de Pago"},"content":{"rendered":"<h3>Tarjeta de cr\u00e9dito<\/h3>\n<p>El cliente podr\u00e1 pagar con tarjeta de cr\u00e9dito y disfrutar de las ventajas de rapidez y flexibilidad que proporciona este m\u00e9todo de pago. Todas la transacciones realizadas en nuestra p\u00e1gina web son seguras.<\/p>\n<h3>\u00bfEs seguro pagar en la p\u00e1gina web con mi tarjeta?<\/h3>\n<p>Los pagos con tarjeta se hacen a trav\u00e9s de la plataforma <strong>Stripe<\/strong>. Stripe es un sistema de pago integrado en nuestra propia p\u00e1gina web, sin tener que ser redireccionado a otra ventana nueva, simplificando al m\u00e1ximo el proceso de pago.<\/p>\n<p>Cuando usamos Stripe en nuestra tienda online\u00a0los <strong>datos de tarjetas de cr\u00e9dito<\/strong> que introduzcas en el formulario de finalizar compra <strong>nunca se almacenan en nuestro servidor<\/strong> sino que van directamente a Stripe.<\/p>\n<p>Esto es importante por varios motivos:<\/p>\n<ul>\n<li>Se protege la privacidad de nuestros clientes ya que no gestionamos ning\u00fan dato sensible en nuestro propio servidor.<\/li>\n<li>M\u00e1s seguridad frente a ataques a nuestro servidor ya que aunque lo consigan no podr\u00edan robar ning\u00fan dato de tarjetas de cr\u00e9dito.<\/li>\n<\/ul>\n<h3>\u00bfC\u00f3mo se procesan los pagos con tarjeta?<\/h3>\n<p>Despu\u00e9s de seleccionar la opci\u00f3n de pago con tarjeta, el cliente indicar\u00e1 los datos requeridos de su tarjeta de cr\u00e9dito, tales como el n\u00famero, la fecha de caducidad y el c\u00f3digo de seguridad. Por \u00faltimo, al hacer clic en el bot\u00f3n \u00ab<strong>Realizar el pedido<\/strong>\u00bb dar\u00e1 inicio a la transacci\u00f3n.<\/p>\n<p>Si el pago no es aceptado, aparecer\u00e1 un mensaje de error en la ventana de finalizar compra. En ese caso, se recomienda intentar realizar de nuevo la operaci\u00f3n. Si el problema persiste, recomendamos al cliente que se ponga en contacto con su banco o con el emisor de la tarjeta de cr\u00e9dito para obtener m\u00e1s informaci\u00f3n al respecto.<\/p>\n<p>Una vez finalizado el pago, el importe se cargar\u00e1 en la tarjeta de cr\u00e9dito del cliente.<\/p>\n<p>Para proteger a nuestros clientes de posibles fraudes, podemos solicitarle informaci\u00f3n adicional para facilitar la validaci\u00f3n del pago. Si se realiza una solicitud de este tipo, pero no obtenemos una respuesta en el plazo de 3 d\u00edas h\u00e1biles, cancelaremos el pedido y procederemos al reembolso del pago.<\/p>\n<p>Atenci\u00f3n: Los pagos siempre se realizan en euros, incluso si los precios se muestran en otras monedas. Algunas entidades bancarias pueden cobrar tasas por conversi\u00f3n de divisas. Palio de Plata es totalmente ajena a este procedimiento y no acepta responsabilidades por ello.<\/p>\n<h3>Bizum<\/h3>\n<p>Bizum es un m\u00e9todo de pago seguro utilizado en todo el mundo.<\/p>\n<p>Cuando se elige este m\u00e9todo de pago, le llegar\u00e1 al correo del pedido la informaci\u00f3n que necesita para poder realizar el pago. Dispondr\u00e1 de dos d\u00edas para poder efectuar el pago de la compra a trav\u00e9s de Bizum, una vez pasado este plazo, ser\u00e1 cancelado el pedido sino se ha recibido el importe.<\/p>\n<h3>Transferencia o ingreso en cuenta<\/h3>\n<p>Tambi\u00e9n ponemos a disposici\u00f3n de los clientes la posibilidad de realizar un pedido y pagarlo a trav\u00e9s de transferencia bancaria o ingreso en cuenta. Le enviaremos a su correo del pedido la informaci\u00f3n con el n\u00famero de cuenta bancaria en el que tiene que hacer el ingreso. En este caso al ser una transferencia bancaria, dispondr\u00e1 de cuatro d\u00edas laborables para poder realizar el pago y que sea reflejado en nuestra cuenta bancaria, pasado este tiempo sino se ha recibido se proceder\u00e1 a cancelar el pedido.<\/p>\n<p>Para la confirmaci\u00f3n del pedido debido a que es una confirmaci\u00f3n manual tardar\u00e1 unos d\u00edas.<\/p>\n","protected":false},"excerpt":{"rendered":"<p>Tarjeta de cr\u00e9dito El cliente podr\u00e1 pagar con tarjeta de cr\u00e9dito y disfrutar de las ventajas de rapidez y flexibilidad que proporciona este m\u00e9todo de pago. Todas la transacciones realizadas en nuestra p\u00e1gina web son seguras. \u00bfEs seguro pagar en la p\u00e1gina web con mi tarjeta? Los pagos con tarjeta se hacen a trav\u00e9s de [&hellip;]<\/p>\n","protected":false},"author":1,"featured_media":0,"parent":0,"menu_order":0,"comment_status":"closed","ping_status":"closed","template":"","meta":{"_exactmetrics_skip_tracking":false,"_exactmetrics_sitenote_active":false,"_exactmetrics_sitenote_note":"","_exactmetrics_sitenote_category":0,"footnotes":""},"class_list":["post-182","page","type-page","status-publish","hentry"],"yoast_head":"<!-- This site is optimized with the Yoast SEO plugin v26.9 - https:\/\/yoast.com\/product\/yoast-seo-wordpress\/ -->\n<title>M\u00e9todos de Pago - Tienda<\/title>\n<meta name=\"robots\" content=\"index, follow, max-snippet:-1, max-image-preview:large, max-video-preview:-1\" \/>\n<link rel=\"canonical\" href=\"https:\/\/paliodeplata.com\/tienda\/metodos-de-pago\/\" \/>\n<meta property=\"og:locale\" content=\"es_ES\" \/>\n<meta property=\"og:type\" content=\"article\" \/>\n<meta property=\"og:title\" content=\"M\u00e9todos de Pago - Tienda\" \/>\n<meta property=\"og:description\" content=\"Tarjeta de cr\u00e9dito El cliente podr\u00e1 pagar con tarjeta de cr\u00e9dito y disfrutar de las ventajas de rapidez y flexibilidad que proporciona este m\u00e9todo de pago. Todas la transacciones realizadas en nuestra p\u00e1gina web son seguras. \u00bfEs seguro pagar en la p\u00e1gina web con mi tarjeta? Los pagos con tarjeta se hacen a trav\u00e9s de [&hellip;]\" \/>\n<meta property=\"og:url\" content=\"https:\/\/paliodeplata.com\/tienda\/metodos-de-pago\/\" \/>\n<meta property=\"og:site_name\" content=\"Tienda\" \/>\n<meta property=\"article:modified_time\" content=\"2022-08-30T17:17:18+00:00\" \/>\n<meta name=\"twitter:card\" content=\"summary_large_image\" \/>\n<meta name=\"twitter:label1\" content=\"Tiempo de lectura\" \/>\n\t<meta name=\"twitter:data1\" content=\"3 minutos\" \/>\n<script type=\"application\/ld+json\" class=\"yoast-schema-graph\">{\"@context\":\"https:\/\/schema.org\",\"@graph\":[{\"@type\":\"WebPage\",\"@id\":\"https:\/\/paliodeplata.com\/tienda\/metodos-de-pago\/\",\"url\":\"https:\/\/paliodeplata.com\/tienda\/metodos-de-pago\/\",\"name\":\"M\u00e9todos de Pago - Tienda\",\"isPartOf\":{\"@id\":\"https:\/\/paliodeplata.com\/tienda\/#website\"},\"datePublished\":\"2018-05-17T11:52:00+00:00\",\"dateModified\":\"2022-08-30T17:17:18+00:00\",\"breadcrumb\":{\"@id\":\"https:\/\/paliodeplata.com\/tienda\/metodos-de-pago\/#breadcrumb\"},\"inLanguage\":\"es\",\"potentialAction\":[{\"@type\":\"ReadAction\",\"target\":[\"https:\/\/paliodeplata.com\/tienda\/metodos-de-pago\/\"]}]},{\"@type\":\"BreadcrumbList\",\"@id\":\"https:\/\/paliodeplata.com\/tienda\/metodos-de-pago\/#breadcrumb\",\"itemListElement\":[{\"@type\":\"ListItem\",\"position\":1,\"name\":\"Portada\",\"item\":\"https:\/\/paliodeplata.com\/tienda\/\"},{\"@type\":\"ListItem\",\"position\":2,\"name\":\"M\u00e9todos de Pago\"}]},{\"@type\":\"WebSite\",\"@id\":\"https:\/\/paliodeplata.com\/tienda\/#website\",\"url\":\"https:\/\/paliodeplata.com\/tienda\/\",\"name\":\"Tienda\",\"description\":\"Palio de Plata\",\"potentialAction\":[{\"@type\":\"SearchAction\",\"target\":{\"@type\":\"EntryPoint\",\"urlTemplate\":\"https:\/\/paliodeplata.com\/tienda\/?s={search_term_string}\"},\"query-input\":{\"@type\":\"PropertyValueSpecification\",\"valueRequired\":true,\"valueName\":\"search_term_string\"}}],\"inLanguage\":\"es\"}]}<\/script>\n<!-- \/ Yoast SEO plugin. -->","yoast_head_json":{"title":"M\u00e9todos de Pago - Tienda","robots":{"index":"index","follow":"follow","max-snippet":"max-snippet:-1","max-image-preview":"max-image-preview:large","max-video-preview":"max-video-preview:-1"},"canonical":"https:\/\/paliodeplata.com\/tienda\/metodos-de-pago\/","og_locale":"es_ES","og_type":"article","og_title":"M\u00e9todos de Pago - Tienda","og_description":"Tarjeta de cr\u00e9dito El cliente podr\u00e1 pagar con tarjeta de cr\u00e9dito y disfrutar de las ventajas de rapidez y flexibilidad que proporciona este m\u00e9todo de pago. Todas la transacciones realizadas en nuestra p\u00e1gina web son seguras. \u00bfEs seguro pagar en la p\u00e1gina web con mi tarjeta? Los pagos con tarjeta se hacen a trav\u00e9s de [&hellip;]","og_url":"https:\/\/paliodeplata.com\/tienda\/metodos-de-pago\/","og_site_name":"Tienda","article_modified_time":"2022-08-30T17:17:18+00:00","twitter_card":"summary_large_image","twitter_misc":{"Tiempo de lectura":"3 minutos"},"schema":{"@context":"https:\/\/schema.org","@graph":[{"@type":"WebPage","@id":"https:\/\/paliodeplata.com\/tienda\/metodos-de-pago\/","url":"https:\/\/paliodeplata.com\/tienda\/metodos-de-pago\/","name":"M\u00e9todos de Pago - Tienda","isPartOf":{"@id":"https:\/\/paliodeplata.com\/tienda\/#website"},"datePublished":"2018-05-17T11:52:00+00:00","dateModified":"2022-08-30T17:17:18+00:00","breadcrumb":{"@id":"https:\/\/paliodeplata.com\/tienda\/metodos-de-pago\/#breadcrumb"},"inLanguage":"es","potentialAction":[{"@type":"ReadAction","target":["https:\/\/paliodeplata.com\/tienda\/metodos-de-pago\/"]}]},{"@type":"BreadcrumbList","@id":"https:\/\/paliodeplata.com\/tienda\/metodos-de-pago\/#breadcrumb","itemListElement":[{"@type":"ListItem","position":1,"name":"Portada","item":"https:\/\/paliodeplata.com\/tienda\/"},{"@type":"ListItem","position":2,"name":"M\u00e9todos de Pago"}]},{"@type":"WebSite","@id":"https:\/\/paliodeplata.com\/tienda\/#website","url":"https:\/\/paliodeplata.com\/tienda\/","name":"Tienda","description":"Palio de Plata","potentialAction":[{"@type":"SearchAction","target":{"@type":"EntryPoint","urlTemplate":"https:\/\/paliodeplata.com\/tienda\/?s={search_term_string}"},"query-input":{"@type":"PropertyValueSpecification","valueRequired":true,"valueName":"search_term_string"}}],"inLanguage":"es"}]}},"_links":{"self":[{"href":"https:\/\/paliodeplata.com\/tienda\/wp-json\/wp\/v2\/pages\/182","targetHints":{"allow":["GET"]}}],"collection":[{"href":"https:\/\/paliodeplata.com\/tienda\/wp-json\/wp\/v2\/pages"}],"about":[{"href":"https:\/\/paliodeplata.com\/tienda\/wp-json\/wp\/v2\/types\/page"}],"author":[{"embeddable":true,"href":"https:\/\/paliodeplata.com\/tienda\/wp-json\/wp\/v2\/users\/1"}],"replies":[{"embeddable":true,"href":"https:\/\/paliodeplata.com\/tienda\/wp-json\/wp\/v2\/comments?post=182"}],"version-history":[{"count":5,"href":"https:\/\/paliodeplata.com\/tienda\/wp-json\/wp\/v2\/pages\/182\/revisions"}],"predecessor-version":[{"id":7376,"href":"https:\/\/paliodeplata.com\/tienda\/wp-json\/wp\/v2\/pages\/182\/revisions\/7376"}],"wp:attachment":[{"href":"https:\/\/paliodeplata.com\/tienda\/wp-json\/wp\/v2\/media?parent=182"}],"curies":[{"name":"wp","href":"https:\/\/api.w.org\/{rel}","templated":true}]}}