{"id":206,"date":"2018-05-22T19:49:19","date_gmt":"2018-05-22T19:49:19","guid":{"rendered":"http:\/\/paliodeplata.com\/tienda\/?post_type=product&#038;p=206"},"modified":"2018-11-15T15:04:23","modified_gmt":"2018-11-15T13:04:23","slug":"la-saeta-primavera-2018-no64","status":"publish","type":"product","link":"https:\/\/paliodeplata.com\/tienda\/producto\/la-saeta-primavera-2018-no64\/","title":{"rendered":"La Saeta Primavera 2018 n\u00ba64"},"content":{"rendered":"<p>Los contenidos que el lector de \u201cLa Saeta\u201d podr\u00e1 encontrar en esta edici\u00f3n primaveral son los que se detallan:<\/p>\n<p>\u2013 SALUDA DEL PRESIDENTE, Pablo Atencia Robledo<\/p>\n<p>\u2013 EL ENFOQUE<\/p>\n<p>\u2013 LA SEMANA SANTA 2018<\/p>\n<ul>\n<li>Semana Santa, Andr\u00e9s Camino Romero.<\/li>\n<li>Estrenos y mejoras patrimoniales, Jos\u00e9 Manuel Torres Ponce.<\/li>\n<li>Ornamentaci\u00f3n floral en los tronos de Semana Santa, Francisco Javier Garc\u00eda Rando.<\/li>\n<li>Ambientaci\u00f3n musical, Francisco Jes\u00fas Flores Matute.<\/li>\n<li>Estaciones penitenciales en la Catedral, Alberto Jes\u00fas Palomo Cruz.<\/li>\n<\/ul>\n<p>\u2013 UNA MAGNA MARIANA PARA LA PATRONA, Rafael Rodr\u00edguez Puente.<\/p>\n<p>\u2013 PROTAGONISTAS DE LA SEMANA SANTA, Mar\u00eda del Pilar D\u00edaz Ocejo y Susana Elena Rodr\u00edguez de Tembleque Garc\u00eda.<\/p>\n<p>Para el cap\u00edtulo fotogr\u00e1fico se ha contado con los trabajos de Jos\u00e9 Alarc\u00f3n Capilla, Andr\u00e9s Camino G\u00f3mez, Francisco Carnero Ruiz, Juan Antonio Fern\u00e1ndez Aguilar, Carmen Franco Ruiz, Ana G\u00f3mez Espa\u00f1a, Daniel Gonz\u00e1lez Gonz\u00e1lez, Santiago Guerrero-Strachan Carrillo, Francisco J\u00f3dar Soler, Laura de las Pe\u00f1as Ramos, Carlos Rodr\u00edguez Mu\u00f1oz, Juan Miguel Salvador Morales, Jos\u00e9 Antonio Toro Romero y Jos\u00e9 Alejandro Valle Moreno.<\/p>\n","protected":false},"excerpt":{"rendered":"<p>Los contenidos que el lector de \u201cLa Saeta\u201d podr\u00e1 encontrar en esta edici\u00f3n primaveral son los que se detallan: \u2013 SALUDA DEL PRESIDENTE, Pablo Atencia Robledo \u2013 EL ENFOQUE \u2013 LA SEMANA SANTA 2018 Semana Santa, Andr\u00e9s Camino Romero. Estrenos y mejoras patrimoniales, Jos\u00e9 Manuel Torres Ponce. Ornamentaci\u00f3n floral en los tronos de Semana Santa, [&hellip;]<\/p>\n","protected":false},"featured_media":262,"comment_status":"open","ping_status":"closed","template":"","meta":{"_exactmetrics_skip_tracking":false,"_exactmetrics_sitenote_active":false,"_exactmetrics_sitenote_note":"","_exactmetrics_sitenote_category":0},"product_brand":[],"product_cat":[30],"product_tag":[34,31,33,32],"class_list":{"0":"post-206","1":"product","2":"type-product","3":"status-publish","4":"has-post-thumbnail","6":"product_cat-revistas","7":"product_tag-34","8":"product_tag-la-saeta","9":"product_tag-primavera","10":"product_tag-revista","12":"first","13":"outofstock","14":"shipping-taxable","15":"purchasable","16":"product-type-simple"},"yoast_head":"<!-- This site is optimized with the Yoast SEO plugin v26.9 - https:\/\/yoast.com\/product\/yoast-seo-wordpress\/ -->\n<title>La Saeta Primavera 2018 n\u00ba64 - Tienda<\/title>\n<meta name=\"robots\" content=\"index, follow, max-snippet:-1, max-image-preview:large, max-video-preview:-1\" \/>\n<link rel=\"canonical\" href=\"https:\/\/paliodeplata.com\/tienda\/producto\/la-saeta-primavera-2018-no64\/\" \/>\n<meta property=\"og:locale\" content=\"es_ES\" \/>\n<meta property=\"og:type\" content=\"article\" \/>\n<meta property=\"og:title\" content=\"La Saeta Primavera 2018 n\u00ba64 - Tienda\" \/>\n<meta property=\"og:description\" content=\"Los contenidos que el lector de \u201cLa Saeta\u201d podr\u00e1 encontrar en esta edici\u00f3n primaveral son los que se detallan: \u2013 SALUDA DEL PRESIDENTE, Pablo Atencia Robledo \u2013 EL ENFOQUE \u2013 LA SEMANA SANTA 2018 Semana Santa, Andr\u00e9s Camino Romero. Estrenos y mejoras patrimoniales, Jos\u00e9 Manuel Torres Ponce. Ornamentaci\u00f3n floral en los tronos de Semana Santa, [&hellip;]\" \/>\n<meta property=\"og:url\" content=\"https:\/\/paliodeplata.com\/tienda\/producto\/la-saeta-primavera-2018-no64\/\" \/>\n<meta property=\"og:site_name\" content=\"Tienda\" \/>\n<meta property=\"article:modified_time\" content=\"2018-11-15T13:04:23+00:00\" \/>\n<meta property=\"og:image\" content=\"https:\/\/paliodeplata.com\/tienda\/wp-content\/uploads\/sites\/9\/2018\/05\/5E579629-1B2F-483C-9495-52C46EEABFFD.jpeg\" \/>\n\t<meta property=\"og:image:width\" content=\"626\" \/>\n\t<meta property=\"og:image:height\" content=\"646\" \/>\n\t<meta property=\"og:image:type\" content=\"image\/jpeg\" \/>\n<meta name=\"twitter:card\" content=\"summary_large_image\" \/>\n<meta name=\"twitter:label1\" content=\"Tiempo de lectura\" \/>\n\t<meta name=\"twitter:data1\" content=\"1 minuto\" \/>\n<script type=\"application\/ld+json\" class=\"yoast-schema-graph\">{\"@context\":\"https:\/\/schema.org\",\"@graph\":[{\"@type\":\"WebPage\",\"@id\":\"https:\/\/paliodeplata.com\/tienda\/producto\/la-saeta-primavera-2018-no64\/\",\"url\":\"https:\/\/paliodeplata.com\/tienda\/producto\/la-saeta-primavera-2018-no64\/\",\"name\":\"La Saeta Primavera 2018 n\u00ba64 - Tienda\",\"isPartOf\":{\"@id\":\"https:\/\/paliodeplata.com\/tienda\/#website\"},\"primaryImageOfPage\":{\"@id\":\"https:\/\/paliodeplata.com\/tienda\/producto\/la-saeta-primavera-2018-no64\/#primaryimage\"},\"image\":{\"@id\":\"https:\/\/paliodeplata.com\/tienda\/producto\/la-saeta-primavera-2018-no64\/#primaryimage\"},\"thumbnailUrl\":\"https:\/\/paliodeplata.com\/tienda\/wp-content\/uploads\/sites\/9\/2018\/05\/5E579629-1B2F-483C-9495-52C46EEABFFD.jpeg\",\"datePublished\":\"2018-05-22T19:49:19+00:00\",\"dateModified\":\"2018-11-15T13:04:23+00:00\",\"breadcrumb\":{\"@id\":\"https:\/\/paliodeplata.com\/tienda\/producto\/la-saeta-primavera-2018-no64\/#breadcrumb\"},\"inLanguage\":\"es\",\"potentialAction\":[{\"@type\":\"ReadAction\",\"target\":[\"https:\/\/paliodeplata.com\/tienda\/producto\/la-saeta-primavera-2018-no64\/\"]}]},{\"@type\":\"ImageObject\",\"inLanguage\":\"es\",\"@id\":\"https:\/\/paliodeplata.com\/tienda\/producto\/la-saeta-primavera-2018-no64\/#primaryimage\",\"url\":\"https:\/\/paliodeplata.com\/tienda\/wp-content\/uploads\/sites\/9\/2018\/05\/5E579629-1B2F-483C-9495-52C46EEABFFD.jpeg\",\"contentUrl\":\"https:\/\/paliodeplata.com\/tienda\/wp-content\/uploads\/sites\/9\/2018\/05\/5E579629-1B2F-483C-9495-52C46EEABFFD.jpeg\",\"width\":626,\"height\":646},{\"@type\":\"BreadcrumbList\",\"@id\":\"https:\/\/paliodeplata.com\/tienda\/producto\/la-saeta-primavera-2018-no64\/#breadcrumb\",\"itemListElement\":[{\"@type\":\"ListItem\",\"position\":1,\"name\":\"Portada\",\"item\":\"https:\/\/paliodeplata.com\/tienda\/\"},{\"@type\":\"ListItem\",\"position\":2,\"name\":\"Tienda\",\"item\":\"https:\/\/paliodeplata.com\/tienda\/\"},{\"@type\":\"ListItem\",\"position\":3,\"name\":\"La Saeta Primavera 2018 n\u00ba64\"}]},{\"@type\":\"WebSite\",\"@id\":\"https:\/\/paliodeplata.com\/tienda\/#website\",\"url\":\"https:\/\/paliodeplata.com\/tienda\/\",\"name\":\"Tienda\",\"description\":\"Palio de Plata\",\"potentialAction\":[{\"@type\":\"SearchAction\",\"target\":{\"@type\":\"EntryPoint\",\"urlTemplate\":\"https:\/\/paliodeplata.com\/tienda\/?s={search_term_string}\"},\"query-input\":{\"@type\":\"PropertyValueSpecification\",\"valueRequired\":true,\"valueName\":\"search_term_string\"}}],\"inLanguage\":\"es\"}]}<\/script>\n<!-- \/ Yoast SEO plugin. -->","yoast_head_json":{"title":"La Saeta Primavera 2018 n\u00ba64 - Tienda","robots":{"index":"index","follow":"follow","max-snippet":"max-snippet:-1","max-image-preview":"max-image-preview:large","max-video-preview":"max-video-preview:-1"},"canonical":"https:\/\/paliodeplata.com\/tienda\/producto\/la-saeta-primavera-2018-no64\/","og_locale":"es_ES","og_type":"article","og_title":"La Saeta Primavera 2018 n\u00ba64 - Tienda","og_description":"Los contenidos que el lector de \u201cLa Saeta\u201d podr\u00e1 encontrar en esta edici\u00f3n primaveral son los que se detallan: \u2013 SALUDA DEL PRESIDENTE, Pablo Atencia Robledo \u2013 EL ENFOQUE \u2013 LA SEMANA SANTA 2018 Semana Santa, Andr\u00e9s Camino Romero. Estrenos y mejoras patrimoniales, Jos\u00e9 Manuel Torres Ponce. Ornamentaci\u00f3n floral en los tronos de Semana Santa, [&hellip;]","og_url":"https:\/\/paliodeplata.com\/tienda\/producto\/la-saeta-primavera-2018-no64\/","og_site_name":"Tienda","article_modified_time":"2018-11-15T13:04:23+00:00","og_image":[{"width":626,"height":646,"url":"https:\/\/paliodeplata.com\/tienda\/wp-content\/uploads\/sites\/9\/2018\/05\/5E579629-1B2F-483C-9495-52C46EEABFFD.jpeg","type":"image\/jpeg"}],"twitter_card":"summary_large_image","twitter_misc":{"Tiempo de lectura":"1 minuto"},"schema":{"@context":"https:\/\/schema.org","@graph":[{"@type":"WebPage","@id":"https:\/\/paliodeplata.com\/tienda\/producto\/la-saeta-primavera-2018-no64\/","url":"https:\/\/paliodeplata.com\/tienda\/producto\/la-saeta-primavera-2018-no64\/","name":"La Saeta Primavera 2018 n\u00ba64 - Tienda","isPartOf":{"@id":"https:\/\/paliodeplata.com\/tienda\/#website"},"primaryImageOfPage":{"@id":"https:\/\/paliodeplata.com\/tienda\/producto\/la-saeta-primavera-2018-no64\/#primaryimage"},"image":{"@id":"https:\/\/paliodeplata.com\/tienda\/producto\/la-saeta-primavera-2018-no64\/#primaryimage"},"thumbnailUrl":"https:\/\/paliodeplata.com\/tienda\/wp-content\/uploads\/sites\/9\/2018\/05\/5E579629-1B2F-483C-9495-52C46EEABFFD.jpeg","datePublished":"2018-05-22T19:49:19+00:00","dateModified":"2018-11-15T13:04:23+00:00","breadcrumb":{"@id":"https:\/\/paliodeplata.com\/tienda\/producto\/la-saeta-primavera-2018-no64\/#breadcrumb"},"inLanguage":"es","potentialAction":[{"@type":"ReadAction","target":["https:\/\/paliodeplata.com\/tienda\/producto\/la-saeta-primavera-2018-no64\/"]}]},{"@type":"ImageObject","inLanguage":"es","@id":"https:\/\/paliodeplata.com\/tienda\/producto\/la-saeta-primavera-2018-no64\/#primaryimage","url":"https:\/\/paliodeplata.com\/tienda\/wp-content\/uploads\/sites\/9\/2018\/05\/5E579629-1B2F-483C-9495-52C46EEABFFD.jpeg","contentUrl":"https:\/\/paliodeplata.com\/tienda\/wp-content\/uploads\/sites\/9\/2018\/05\/5E579629-1B2F-483C-9495-52C46EEABFFD.jpeg","width":626,"height":646},{"@type":"BreadcrumbList","@id":"https:\/\/paliodeplata.com\/tienda\/producto\/la-saeta-primavera-2018-no64\/#breadcrumb","itemListElement":[{"@type":"ListItem","position":1,"name":"Portada","item":"https:\/\/paliodeplata.com\/tienda\/"},{"@type":"ListItem","position":2,"name":"Tienda","item":"https:\/\/paliodeplata.com\/tienda\/"},{"@type":"ListItem","position":3,"name":"La Saeta Primavera 2018 n\u00ba64"}]},{"@type":"WebSite","@id":"https:\/\/paliodeplata.com\/tienda\/#website","url":"https:\/\/paliodeplata.com\/tienda\/","name":"Tienda","description":"Palio de Plata","potentialAction":[{"@type":"SearchAction","target":{"@type":"EntryPoint","urlTemplate":"https:\/\/paliodeplata.com\/tienda\/?s={search_term_string}"},"query-input":{"@type":"PropertyValueSpecification","valueRequired":true,"valueName":"search_term_string"}}],"inLanguage":"es"}]}},"_links":{"self":[{"href":"https:\/\/paliodeplata.com\/tienda\/wp-json\/wp\/v2\/product\/206","targetHints":{"allow":["GET"]}}],"collection":[{"href":"https:\/\/paliodeplata.com\/tienda\/wp-json\/wp\/v2\/product"}],"about":[{"href":"https:\/\/paliodeplata.com\/tienda\/wp-json\/wp\/v2\/types\/product"}],"replies":[{"embeddable":true,"href":"https:\/\/paliodeplata.com\/tienda\/wp-json\/wp\/v2\/comments?post=206"}],"wp:featuredmedia":[{"embeddable":true,"href":"https:\/\/paliodeplata.com\/tienda\/wp-json\/wp\/v2\/media\/262"}],"wp:attachment":[{"href":"https:\/\/paliodeplata.com\/tienda\/wp-json\/wp\/v2\/media?parent=206"}],"wp:term":[{"taxonomy":"product_brand","embeddable":true,"href":"https:\/\/paliodeplata.com\/tienda\/wp-json\/wp\/v2\/product_brand?post=206"},{"taxonomy":"product_cat","embeddable":true,"href":"https:\/\/paliodeplata.com\/tienda\/wp-json\/wp\/v2\/product_cat?post=206"},{"taxonomy":"product_tag","embeddable":true,"href":"https:\/\/paliodeplata.com\/tienda\/wp-json\/wp\/v2\/product_tag?post=206"}],"curies":[{"name":"wp","href":"https:\/\/api.w.org\/{rel}","templated":true}]}}