{"id":354,"date":"2018-12-09T18:56:45","date_gmt":"2018-12-09T16:56:45","guid":{"rendered":"https:\/\/paliodeplata.com\/tienda\/?post_type=product&#038;p=354"},"modified":"2024-03-12T19:14:28","modified_gmt":"2024-03-12T17:14:28","slug":"bolsa-de-incienso-los-reyes","status":"publish","type":"product","link":"https:\/\/paliodeplata.com\/tienda\/producto\/bolsa-de-incienso-los-reyes\/","title":{"rendered":"Bolsa de Incienso Los Reyes"},"content":{"rendered":"<p>Bolsa de 40 grs. de un cl\u00e1sico donde los haya. Esta variedad de incienso es una de las m\u00e1s habituales en nuestras cofrad\u00edas, siendo una de las mezclas m\u00e1s populares tambi\u00e9n en el uso dom\u00e9stico por su suave aroma.<\/p>\n","protected":false},"excerpt":{"rendered":"<p>Bolsa de 40 grs. de un cl\u00e1sico donde los haya. Esta variedad de incienso es una de las m\u00e1s habituales en nuestras cofrad\u00edas, siendo una de las mezclas m\u00e1s populares tambi\u00e9n en el uso dom\u00e9stico por su suave aroma.<\/p>\n","protected":false},"featured_media":355,"comment_status":"open","ping_status":"closed","template":"","meta":{"_exactmetrics_skip_tracking":false,"_exactmetrics_sitenote_active":false,"_exactmetrics_sitenote_note":"","_exactmetrics_sitenote_category":0},"product_brand":[],"product_cat":[39],"product_tag":[40,49],"class_list":{"0":"post-354","1":"product","2":"type-product","3":"status-publish","4":"has-post-thumbnail","6":"product_cat-incienso","7":"product_tag-incienso","8":"product_tag-tres-reyes","10":"first","11":"outofstock","12":"shipping-taxable","13":"purchasable","14":"product-type-simple"},"yoast_head":"<!-- This site is optimized with the Yoast SEO plugin v26.9 - https:\/\/yoast.com\/product\/yoast-seo-wordpress\/ -->\n<title>Bolsa de Incienso Los Reyes - Tienda<\/title>\n<meta name=\"robots\" content=\"index, follow, max-snippet:-1, max-image-preview:large, max-video-preview:-1\" \/>\n<link rel=\"canonical\" href=\"https:\/\/paliodeplata.com\/tienda\/producto\/bolsa-de-incienso-los-reyes\/\" \/>\n<meta property=\"og:locale\" content=\"es_ES\" \/>\n<meta property=\"og:type\" content=\"article\" \/>\n<meta property=\"og:title\" content=\"Bolsa de Incienso Los Reyes - Tienda\" \/>\n<meta property=\"og:description\" content=\"Bolsa de 40 grs. de un cl\u00e1sico donde los haya. Esta variedad de incienso es una de las m\u00e1s habituales en nuestras cofrad\u00edas, siendo una de las mezclas m\u00e1s populares tambi\u00e9n en el uso dom\u00e9stico por su suave aroma.\" \/>\n<meta property=\"og:url\" content=\"https:\/\/paliodeplata.com\/tienda\/producto\/bolsa-de-incienso-los-reyes\/\" \/>\n<meta property=\"og:site_name\" content=\"Tienda\" \/>\n<meta property=\"article:modified_time\" content=\"2024-03-12T17:14:28+00:00\" \/>\n<meta property=\"og:image\" content=\"https:\/\/paliodeplata.com\/tienda\/wp-content\/uploads\/sites\/9\/2018\/12\/IMG_3111.jpg\" \/>\n\t<meta property=\"og:image:width\" content=\"4032\" \/>\n\t<meta property=\"og:image:height\" content=\"3024\" \/>\n\t<meta property=\"og:image:type\" content=\"image\/jpeg\" \/>\n<meta name=\"twitter:card\" content=\"summary_large_image\" \/>\n<meta name=\"twitter:label1\" content=\"Tiempo de lectura\" \/>\n\t<meta name=\"twitter:data1\" content=\"1 minuto\" \/>\n<script type=\"application\/ld+json\" class=\"yoast-schema-graph\">{\"@context\":\"https:\/\/schema.org\",\"@graph\":[{\"@type\":\"WebPage\",\"@id\":\"https:\/\/paliodeplata.com\/tienda\/producto\/bolsa-de-incienso-los-reyes\/\",\"url\":\"https:\/\/paliodeplata.com\/tienda\/producto\/bolsa-de-incienso-los-reyes\/\",\"name\":\"Bolsa de Incienso Los Reyes - Tienda\",\"isPartOf\":{\"@id\":\"https:\/\/paliodeplata.com\/tienda\/#website\"},\"primaryImageOfPage\":{\"@id\":\"https:\/\/paliodeplata.com\/tienda\/producto\/bolsa-de-incienso-los-reyes\/#primaryimage\"},\"image\":{\"@id\":\"https:\/\/paliodeplata.com\/tienda\/producto\/bolsa-de-incienso-los-reyes\/#primaryimage\"},\"thumbnailUrl\":\"https:\/\/paliodeplata.com\/tienda\/wp-content\/uploads\/sites\/9\/2018\/12\/IMG_3111.jpg\",\"datePublished\":\"2018-12-09T16:56:45+00:00\",\"dateModified\":\"2024-03-12T17:14:28+00:00\",\"breadcrumb\":{\"@id\":\"https:\/\/paliodeplata.com\/tienda\/producto\/bolsa-de-incienso-los-reyes\/#breadcrumb\"},\"inLanguage\":\"es\",\"potentialAction\":[{\"@type\":\"ReadAction\",\"target\":[\"https:\/\/paliodeplata.com\/tienda\/producto\/bolsa-de-incienso-los-reyes\/\"]}]},{\"@type\":\"ImageObject\",\"inLanguage\":\"es\",\"@id\":\"https:\/\/paliodeplata.com\/tienda\/producto\/bolsa-de-incienso-los-reyes\/#primaryimage\",\"url\":\"https:\/\/paliodeplata.com\/tienda\/wp-content\/uploads\/sites\/9\/2018\/12\/IMG_3111.jpg\",\"contentUrl\":\"https:\/\/paliodeplata.com\/tienda\/wp-content\/uploads\/sites\/9\/2018\/12\/IMG_3111.jpg\",\"width\":4032,\"height\":3024},{\"@type\":\"BreadcrumbList\",\"@id\":\"https:\/\/paliodeplata.com\/tienda\/producto\/bolsa-de-incienso-los-reyes\/#breadcrumb\",\"itemListElement\":[{\"@type\":\"ListItem\",\"position\":1,\"name\":\"Portada\",\"item\":\"https:\/\/paliodeplata.com\/tienda\/\"},{\"@type\":\"ListItem\",\"position\":2,\"name\":\"Tienda\",\"item\":\"https:\/\/paliodeplata.com\/tienda\/\"},{\"@type\":\"ListItem\",\"position\":3,\"name\":\"Bolsa de Incienso Los Reyes\"}]},{\"@type\":\"WebSite\",\"@id\":\"https:\/\/paliodeplata.com\/tienda\/#website\",\"url\":\"https:\/\/paliodeplata.com\/tienda\/\",\"name\":\"Tienda\",\"description\":\"Palio de Plata\",\"potentialAction\":[{\"@type\":\"SearchAction\",\"target\":{\"@type\":\"EntryPoint\",\"urlTemplate\":\"https:\/\/paliodeplata.com\/tienda\/?s={search_term_string}\"},\"query-input\":{\"@type\":\"PropertyValueSpecification\",\"valueRequired\":true,\"valueName\":\"search_term_string\"}}],\"inLanguage\":\"es\"}]}<\/script>\n<!-- \/ Yoast SEO plugin. -->","yoast_head_json":{"title":"Bolsa de Incienso Los Reyes - Tienda","robots":{"index":"index","follow":"follow","max-snippet":"max-snippet:-1","max-image-preview":"max-image-preview:large","max-video-preview":"max-video-preview:-1"},"canonical":"https:\/\/paliodeplata.com\/tienda\/producto\/bolsa-de-incienso-los-reyes\/","og_locale":"es_ES","og_type":"article","og_title":"Bolsa de Incienso Los Reyes - Tienda","og_description":"Bolsa de 40 grs. de un cl\u00e1sico donde los haya. Esta variedad de incienso es una de las m\u00e1s habituales en nuestras cofrad\u00edas, siendo una de las mezclas m\u00e1s populares tambi\u00e9n en el uso dom\u00e9stico por su suave aroma.","og_url":"https:\/\/paliodeplata.com\/tienda\/producto\/bolsa-de-incienso-los-reyes\/","og_site_name":"Tienda","article_modified_time":"2024-03-12T17:14:28+00:00","og_image":[{"width":4032,"height":3024,"url":"https:\/\/paliodeplata.com\/tienda\/wp-content\/uploads\/sites\/9\/2018\/12\/IMG_3111.jpg","type":"image\/jpeg"}],"twitter_card":"summary_large_image","twitter_misc":{"Tiempo de lectura":"1 minuto"},"schema":{"@context":"https:\/\/schema.org","@graph":[{"@type":"WebPage","@id":"https:\/\/paliodeplata.com\/tienda\/producto\/bolsa-de-incienso-los-reyes\/","url":"https:\/\/paliodeplata.com\/tienda\/producto\/bolsa-de-incienso-los-reyes\/","name":"Bolsa de Incienso Los Reyes - Tienda","isPartOf":{"@id":"https:\/\/paliodeplata.com\/tienda\/#website"},"primaryImageOfPage":{"@id":"https:\/\/paliodeplata.com\/tienda\/producto\/bolsa-de-incienso-los-reyes\/#primaryimage"},"image":{"@id":"https:\/\/paliodeplata.com\/tienda\/producto\/bolsa-de-incienso-los-reyes\/#primaryimage"},"thumbnailUrl":"https:\/\/paliodeplata.com\/tienda\/wp-content\/uploads\/sites\/9\/2018\/12\/IMG_3111.jpg","datePublished":"2018-12-09T16:56:45+00:00","dateModified":"2024-03-12T17:14:28+00:00","breadcrumb":{"@id":"https:\/\/paliodeplata.com\/tienda\/producto\/bolsa-de-incienso-los-reyes\/#breadcrumb"},"inLanguage":"es","potentialAction":[{"@type":"ReadAction","target":["https:\/\/paliodeplata.com\/tienda\/producto\/bolsa-de-incienso-los-reyes\/"]}]},{"@type":"ImageObject","inLanguage":"es","@id":"https:\/\/paliodeplata.com\/tienda\/producto\/bolsa-de-incienso-los-reyes\/#primaryimage","url":"https:\/\/paliodeplata.com\/tienda\/wp-content\/uploads\/sites\/9\/2018\/12\/IMG_3111.jpg","contentUrl":"https:\/\/paliodeplata.com\/tienda\/wp-content\/uploads\/sites\/9\/2018\/12\/IMG_3111.jpg","width":4032,"height":3024},{"@type":"BreadcrumbList","@id":"https:\/\/paliodeplata.com\/tienda\/producto\/bolsa-de-incienso-los-reyes\/#breadcrumb","itemListElement":[{"@type":"ListItem","position":1,"name":"Portada","item":"https:\/\/paliodeplata.com\/tienda\/"},{"@type":"ListItem","position":2,"name":"Tienda","item":"https:\/\/paliodeplata.com\/tienda\/"},{"@type":"ListItem","position":3,"name":"Bolsa de Incienso Los Reyes"}]},{"@type":"WebSite","@id":"https:\/\/paliodeplata.com\/tienda\/#website","url":"https:\/\/paliodeplata.com\/tienda\/","name":"Tienda","description":"Palio de Plata","potentialAction":[{"@type":"SearchAction","target":{"@type":"EntryPoint","urlTemplate":"https:\/\/paliodeplata.com\/tienda\/?s={search_term_string}"},"query-input":{"@type":"PropertyValueSpecification","valueRequired":true,"valueName":"search_term_string"}}],"inLanguage":"es"}]}},"_links":{"self":[{"href":"https:\/\/paliodeplata.com\/tienda\/wp-json\/wp\/v2\/product\/354","targetHints":{"allow":["GET"]}}],"collection":[{"href":"https:\/\/paliodeplata.com\/tienda\/wp-json\/wp\/v2\/product"}],"about":[{"href":"https:\/\/paliodeplata.com\/tienda\/wp-json\/wp\/v2\/types\/product"}],"replies":[{"embeddable":true,"href":"https:\/\/paliodeplata.com\/tienda\/wp-json\/wp\/v2\/comments?post=354"}],"wp:featuredmedia":[{"embeddable":true,"href":"https:\/\/paliodeplata.com\/tienda\/wp-json\/wp\/v2\/media\/355"}],"wp:attachment":[{"href":"https:\/\/paliodeplata.com\/tienda\/wp-json\/wp\/v2\/media?parent=354"}],"wp:term":[{"taxonomy":"product_brand","embeddable":true,"href":"https:\/\/paliodeplata.com\/tienda\/wp-json\/wp\/v2\/product_brand?post=354"},{"taxonomy":"product_cat","embeddable":true,"href":"https:\/\/paliodeplata.com\/tienda\/wp-json\/wp\/v2\/product_cat?post=354"},{"taxonomy":"product_tag","embeddable":true,"href":"https:\/\/paliodeplata.com\/tienda\/wp-json\/wp\/v2\/product_tag?post=354"}],"curies":[{"name":"wp","href":"https:\/\/api.w.org\/{rel}","templated":true}]}}