{"id":7183,"date":"2021-11-19T12:54:19","date_gmt":"2021-11-19T10:54:19","guid":{"rendered":"https:\/\/paliodeplata.com\/tienda\/?post_type=product&#038;p=7183"},"modified":"2022-08-28T20:12:40","modified_gmt":"2022-08-28T18:12:40","slug":"excursion-candelaria-sevilla-2021","status":"publish","type":"product","link":"https:\/\/paliodeplata.com\/tienda\/producto\/excursion-candelaria-sevilla-2021\/","title":{"rendered":"Excursi\u00f3n Sevilla Candelaria 2021"},"content":{"rendered":"<p>Compra tu ticket para la <em><strong>excursi\u00f3n de la\u00a0<\/strong><\/em><b><i>Candelaria<\/i><\/b>\u00a0para el pr\u00f3ximo 5 de diciembre 2021.<\/p>\n<p>Con la compra del ticket est\u00e1 sujeto a las <strong>siguientes condiciones<\/strong>:<\/p>\n<ul>\n<li>La Asociaci\u00f3n Cultural Palio de Plata realiza este viaje bajo seguro de transporte que cubre la integridad f\u00edsica de los pasajeros en los desplazamientos durante los respectivos trayectos. La Asociaci\u00f3n queda exenta de responsabilidad, bajo seguro, de todos aquellos posibles percances as\u00ed como da\u00f1os o p\u00e9rdidas materiales que se den fuera del autocar.<\/li>\n<li>La Asociaci\u00f3n Cultural Palio de Plata se reserva el derecho a no devolver el dinero de la excursi\u00f3n salvo cancelaci\u00f3n de la misma.<\/li>\n<li>En caso de lluvia la excursi\u00f3n no se cancelar\u00e1. Se realizar\u00e1 la excursi\u00f3n con salida de M\u00e1laga a la hora prevista.<\/li>\n<\/ul>\n<h2>Horarios<\/h2>\n<p>La salida de M\u00e1laga ser\u00e1 desde el Ayuntamiento de M\u00e1laga a las 10:30 am, y la vuelta a las 0:00 am desde Sevilla.<\/p>\n","protected":false},"excerpt":{"rendered":"<p>Excursi\u00f3n a Sevilla con motivo de la Salida Extraordinaria de la Candelaria, ven con nosotros a disfrutar de una jornada cofrade.<\/p>\n<h2>Horarios<\/h2>\n<p>La salida de M\u00e1laga ser\u00e1 desde el Ayuntamiento de M\u00e1laga a las 10:30 am, y la vuelta a las 0:00 am desde Sevilla.<\/p>\n","protected":false},"featured_media":7185,"comment_status":"open","ping_status":"closed","template":"","meta":{"_exactmetrics_skip_tracking":false,"_exactmetrics_sitenote_active":false,"_exactmetrics_sitenote_note":"","_exactmetrics_sitenote_category":0},"product_brand":[],"product_cat":[21],"product_tag":[55,44],"class_list":{"0":"post-7183","1":"product","2":"type-product","3":"status-publish","4":"has-post-thumbnail","6":"product_cat-excursiones","7":"product_tag-excursion","8":"product_tag-sevilla","10":"first","11":"outofstock","12":"virtual","13":"purchasable","14":"product-type-simple"},"yoast_head":"<!-- This site is optimized with the Yoast SEO plugin v26.9 - https:\/\/yoast.com\/product\/yoast-seo-wordpress\/ -->\n<title>Excursi\u00f3n Sevilla Candelaria 2021 - Tienda<\/title>\n<meta name=\"robots\" content=\"index, follow, max-snippet:-1, max-image-preview:large, max-video-preview:-1\" \/>\n<link rel=\"canonical\" href=\"https:\/\/paliodeplata.com\/tienda\/producto\/excursion-candelaria-sevilla-2021\/\" \/>\n<meta property=\"og:locale\" content=\"es_ES\" \/>\n<meta property=\"og:type\" content=\"article\" \/>\n<meta property=\"og:title\" content=\"Excursi\u00f3n Sevilla Candelaria 2021 - Tienda\" \/>\n<meta property=\"og:description\" content=\"Excursi\u00f3n a Sevilla con motivo de la Salida Extraordinaria de la Candelaria, ven con nosotros a disfrutar de una jornada cofrade. Horarios La salida de M\u00e1laga ser\u00e1 desde el Ayuntamiento de M\u00e1laga a las 10:30 am, y la vuelta a las 0:00 am desde Sevilla.\" \/>\n<meta property=\"og:url\" content=\"https:\/\/paliodeplata.com\/tienda\/producto\/excursion-candelaria-sevilla-2021\/\" \/>\n<meta property=\"og:site_name\" content=\"Tienda\" \/>\n<meta property=\"article:modified_time\" content=\"2022-08-28T18:12:40+00:00\" \/>\n<meta property=\"og:image\" content=\"https:\/\/paliodeplata.com\/tienda\/wp-content\/uploads\/sites\/9\/2021\/11\/PDP_ExcursionCandelaria_2021.png\" \/>\n\t<meta property=\"og:image:width\" content=\"1024\" \/>\n\t<meta property=\"og:image:height\" content=\"768\" \/>\n\t<meta property=\"og:image:type\" content=\"image\/png\" \/>\n<meta name=\"twitter:card\" content=\"summary_large_image\" \/>\n<meta name=\"twitter:label1\" content=\"Tiempo de lectura\" \/>\n\t<meta name=\"twitter:data1\" content=\"1 minuto\" \/>\n<script type=\"application\/ld+json\" class=\"yoast-schema-graph\">{\"@context\":\"https:\/\/schema.org\",\"@graph\":[{\"@type\":\"WebPage\",\"@id\":\"https:\/\/paliodeplata.com\/tienda\/producto\/excursion-candelaria-sevilla-2021\/\",\"url\":\"https:\/\/paliodeplata.com\/tienda\/producto\/excursion-candelaria-sevilla-2021\/\",\"name\":\"Excursi\u00f3n Sevilla Candelaria 2021 - Tienda\",\"isPartOf\":{\"@id\":\"https:\/\/paliodeplata.com\/tienda\/#website\"},\"primaryImageOfPage\":{\"@id\":\"https:\/\/paliodeplata.com\/tienda\/producto\/excursion-candelaria-sevilla-2021\/#primaryimage\"},\"image\":{\"@id\":\"https:\/\/paliodeplata.com\/tienda\/producto\/excursion-candelaria-sevilla-2021\/#primaryimage\"},\"thumbnailUrl\":\"https:\/\/paliodeplata.com\/tienda\/wp-content\/uploads\/sites\/9\/2021\/11\/PDP_ExcursionCandelaria_2021.png\",\"datePublished\":\"2021-11-19T10:54:19+00:00\",\"dateModified\":\"2022-08-28T18:12:40+00:00\",\"breadcrumb\":{\"@id\":\"https:\/\/paliodeplata.com\/tienda\/producto\/excursion-candelaria-sevilla-2021\/#breadcrumb\"},\"inLanguage\":\"es\",\"potentialAction\":[{\"@type\":\"ReadAction\",\"target\":[\"https:\/\/paliodeplata.com\/tienda\/producto\/excursion-candelaria-sevilla-2021\/\"]}]},{\"@type\":\"ImageObject\",\"inLanguage\":\"es\",\"@id\":\"https:\/\/paliodeplata.com\/tienda\/producto\/excursion-candelaria-sevilla-2021\/#primaryimage\",\"url\":\"https:\/\/paliodeplata.com\/tienda\/wp-content\/uploads\/sites\/9\/2021\/11\/PDP_ExcursionCandelaria_2021.png\",\"contentUrl\":\"https:\/\/paliodeplata.com\/tienda\/wp-content\/uploads\/sites\/9\/2021\/11\/PDP_ExcursionCandelaria_2021.png\",\"width\":1024,\"height\":768},{\"@type\":\"BreadcrumbList\",\"@id\":\"https:\/\/paliodeplata.com\/tienda\/producto\/excursion-candelaria-sevilla-2021\/#breadcrumb\",\"itemListElement\":[{\"@type\":\"ListItem\",\"position\":1,\"name\":\"Portada\",\"item\":\"https:\/\/paliodeplata.com\/tienda\/\"},{\"@type\":\"ListItem\",\"position\":2,\"name\":\"Tienda\",\"item\":\"https:\/\/paliodeplata.com\/tienda\/\"},{\"@type\":\"ListItem\",\"position\":3,\"name\":\"Excursi\u00f3n Sevilla Candelaria 2021\"}]},{\"@type\":\"WebSite\",\"@id\":\"https:\/\/paliodeplata.com\/tienda\/#website\",\"url\":\"https:\/\/paliodeplata.com\/tienda\/\",\"name\":\"Tienda\",\"description\":\"Palio de Plata\",\"potentialAction\":[{\"@type\":\"SearchAction\",\"target\":{\"@type\":\"EntryPoint\",\"urlTemplate\":\"https:\/\/paliodeplata.com\/tienda\/?s={search_term_string}\"},\"query-input\":{\"@type\":\"PropertyValueSpecification\",\"valueRequired\":true,\"valueName\":\"search_term_string\"}}],\"inLanguage\":\"es\"}]}<\/script>\n<!-- \/ Yoast SEO plugin. -->","yoast_head_json":{"title":"Excursi\u00f3n Sevilla Candelaria 2021 - Tienda","robots":{"index":"index","follow":"follow","max-snippet":"max-snippet:-1","max-image-preview":"max-image-preview:large","max-video-preview":"max-video-preview:-1"},"canonical":"https:\/\/paliodeplata.com\/tienda\/producto\/excursion-candelaria-sevilla-2021\/","og_locale":"es_ES","og_type":"article","og_title":"Excursi\u00f3n Sevilla Candelaria 2021 - Tienda","og_description":"Excursi\u00f3n a Sevilla con motivo de la Salida Extraordinaria de la Candelaria, ven con nosotros a disfrutar de una jornada cofrade. Horarios La salida de M\u00e1laga ser\u00e1 desde el Ayuntamiento de M\u00e1laga a las 10:30 am, y la vuelta a las 0:00 am desde Sevilla.","og_url":"https:\/\/paliodeplata.com\/tienda\/producto\/excursion-candelaria-sevilla-2021\/","og_site_name":"Tienda","article_modified_time":"2022-08-28T18:12:40+00:00","og_image":[{"width":1024,"height":768,"url":"https:\/\/paliodeplata.com\/tienda\/wp-content\/uploads\/sites\/9\/2021\/11\/PDP_ExcursionCandelaria_2021.png","type":"image\/png"}],"twitter_card":"summary_large_image","twitter_misc":{"Tiempo de lectura":"1 minuto"},"schema":{"@context":"https:\/\/schema.org","@graph":[{"@type":"WebPage","@id":"https:\/\/paliodeplata.com\/tienda\/producto\/excursion-candelaria-sevilla-2021\/","url":"https:\/\/paliodeplata.com\/tienda\/producto\/excursion-candelaria-sevilla-2021\/","name":"Excursi\u00f3n Sevilla Candelaria 2021 - Tienda","isPartOf":{"@id":"https:\/\/paliodeplata.com\/tienda\/#website"},"primaryImageOfPage":{"@id":"https:\/\/paliodeplata.com\/tienda\/producto\/excursion-candelaria-sevilla-2021\/#primaryimage"},"image":{"@id":"https:\/\/paliodeplata.com\/tienda\/producto\/excursion-candelaria-sevilla-2021\/#primaryimage"},"thumbnailUrl":"https:\/\/paliodeplata.com\/tienda\/wp-content\/uploads\/sites\/9\/2021\/11\/PDP_ExcursionCandelaria_2021.png","datePublished":"2021-11-19T10:54:19+00:00","dateModified":"2022-08-28T18:12:40+00:00","breadcrumb":{"@id":"https:\/\/paliodeplata.com\/tienda\/producto\/excursion-candelaria-sevilla-2021\/#breadcrumb"},"inLanguage":"es","potentialAction":[{"@type":"ReadAction","target":["https:\/\/paliodeplata.com\/tienda\/producto\/excursion-candelaria-sevilla-2021\/"]}]},{"@type":"ImageObject","inLanguage":"es","@id":"https:\/\/paliodeplata.com\/tienda\/producto\/excursion-candelaria-sevilla-2021\/#primaryimage","url":"https:\/\/paliodeplata.com\/tienda\/wp-content\/uploads\/sites\/9\/2021\/11\/PDP_ExcursionCandelaria_2021.png","contentUrl":"https:\/\/paliodeplata.com\/tienda\/wp-content\/uploads\/sites\/9\/2021\/11\/PDP_ExcursionCandelaria_2021.png","width":1024,"height":768},{"@type":"BreadcrumbList","@id":"https:\/\/paliodeplata.com\/tienda\/producto\/excursion-candelaria-sevilla-2021\/#breadcrumb","itemListElement":[{"@type":"ListItem","position":1,"name":"Portada","item":"https:\/\/paliodeplata.com\/tienda\/"},{"@type":"ListItem","position":2,"name":"Tienda","item":"https:\/\/paliodeplata.com\/tienda\/"},{"@type":"ListItem","position":3,"name":"Excursi\u00f3n Sevilla Candelaria 2021"}]},{"@type":"WebSite","@id":"https:\/\/paliodeplata.com\/tienda\/#website","url":"https:\/\/paliodeplata.com\/tienda\/","name":"Tienda","description":"Palio de Plata","potentialAction":[{"@type":"SearchAction","target":{"@type":"EntryPoint","urlTemplate":"https:\/\/paliodeplata.com\/tienda\/?s={search_term_string}"},"query-input":{"@type":"PropertyValueSpecification","valueRequired":true,"valueName":"search_term_string"}}],"inLanguage":"es"}]}},"_links":{"self":[{"href":"https:\/\/paliodeplata.com\/tienda\/wp-json\/wp\/v2\/product\/7183","targetHints":{"allow":["GET"]}}],"collection":[{"href":"https:\/\/paliodeplata.com\/tienda\/wp-json\/wp\/v2\/product"}],"about":[{"href":"https:\/\/paliodeplata.com\/tienda\/wp-json\/wp\/v2\/types\/product"}],"replies":[{"embeddable":true,"href":"https:\/\/paliodeplata.com\/tienda\/wp-json\/wp\/v2\/comments?post=7183"}],"wp:featuredmedia":[{"embeddable":true,"href":"https:\/\/paliodeplata.com\/tienda\/wp-json\/wp\/v2\/media\/7185"}],"wp:attachment":[{"href":"https:\/\/paliodeplata.com\/tienda\/wp-json\/wp\/v2\/media?parent=7183"}],"wp:term":[{"taxonomy":"product_brand","embeddable":true,"href":"https:\/\/paliodeplata.com\/tienda\/wp-json\/wp\/v2\/product_brand?post=7183"},{"taxonomy":"product_cat","embeddable":true,"href":"https:\/\/paliodeplata.com\/tienda\/wp-json\/wp\/v2\/product_cat?post=7183"},{"taxonomy":"product_tag","embeddable":true,"href":"https:\/\/paliodeplata.com\/tienda\/wp-json\/wp\/v2\/product_tag?post=7183"}],"curies":[{"name":"wp","href":"https:\/\/api.w.org\/{rel}","templated":true}]}}