{"id":7484,"date":"2023-10-30T21:11:38","date_gmt":"2023-10-30T19:11:38","guid":{"rendered":"https:\/\/paliodeplata.com\/tienda\/?post_type=product&#038;p=7484"},"modified":"2024-03-12T19:12:33","modified_gmt":"2024-03-12T17:12:33","slug":"excursion-las-esperanzas-sevilla","status":"publish","type":"product","link":"https:\/\/paliodeplata.com\/tienda\/producto\/excursion-las-esperanzas-sevilla\/","title":{"rendered":"Excursi\u00f3n \u00abLas Esperanzas Sevilla\u00bb"},"content":{"rendered":"<p>Compra tu ticket para la excursi\u00f3n con motivo de <em><strong>Jornada Cofrade por las Esperanzas de Sevilla<\/strong><\/em>\u00a0del pr\u00f3ximo<strong><i> S\u00e1bado, <\/i><\/strong>16 de diciembre de 2023, en Sevilla.<\/p>\n<p>Con la compra del ticket est\u00e1 sujeto a las <strong>siguientes condiciones<\/strong>:<\/p>\n<ul>\n<li>La Asociaci\u00f3n Cultural Palio de Plata realiza este viaje bajo seguro de transporte que cubre la integridad f\u00edsica de los pasajeros en los desplazamientos durante los respectivos trayectos. La Asociaci\u00f3n queda exenta de responsabilidad, bajo seguro, de todos aquellos posibles percances as\u00ed como da\u00f1os o p\u00e9rdidas materiales que se den fuera del autocar.<\/li>\n<li>La Asociaci\u00f3n Cultural Palio de Plata se reserva el derecho a no realizar el reembolso del importe de la excursi\u00f3n salvo cancelaci\u00f3n de la misma.<\/li>\n<li>En caso de lluvia la excursi\u00f3n no se cancelar\u00e1 y se desarrollar\u00e1 con salida de M\u00e1laga a la hora prevista.<\/li>\n<\/ul>\n<h2>Horarios<\/h2>\n<p>La salida de M\u00e1laga ser\u00e1 desde el Ayuntamiento a las 8:00 h, y la vuelta desde Sevilla a las 22:00 h.<\/p>\n","protected":false},"excerpt":{"rendered":"<p>Excursi\u00f3n a Sevilla con motivo de Jornada Cofrade por las Esperanzas de Sevilla del pr\u00f3ximo S\u00e1bado, 16 de diciembre 2023, ven con nosotros a disfrutar de una jornada cofrade muy especial.<\/p>\n<h2>Horarios<\/h2>\n<p>La salida de M\u00e1laga ser\u00e1 desde el Ayuntamiento a las 8:00 h, y la vuelta desde Sevilla a las 22:00 h.<\/p>\n","protected":false},"featured_media":7485,"comment_status":"open","ping_status":"closed","template":"","meta":{"_exactmetrics_skip_tracking":false,"_exactmetrics_sitenote_active":false,"_exactmetrics_sitenote_note":"","_exactmetrics_sitenote_category":0},"product_brand":[],"product_cat":[21],"product_tag":[47,55,44],"class_list":{"0":"post-7484","1":"product","2":"type-product","3":"status-publish","4":"has-post-thumbnail","6":"product_cat-excursiones","7":"product_tag-esperanza","8":"product_tag-excursion","9":"product_tag-sevilla","11":"first","12":"outofstock","13":"virtual","14":"purchasable","15":"product-type-simple"},"yoast_head":"<!-- This site is optimized with the Yoast SEO plugin v26.9 - https:\/\/yoast.com\/product\/yoast-seo-wordpress\/ -->\n<title>Excursi\u00f3n &quot;Las Esperanzas Sevilla&quot; - Tienda<\/title>\n<meta name=\"description\" content=\"Compra tu ticket para la excursi\u00f3n con motivo del Santo Entierro Grande del pr\u00f3ximo S\u00e1bado Santo, 8 de abril de 2023, en Sevilla.\" \/>\n<meta name=\"robots\" content=\"index, follow, max-snippet:-1, max-image-preview:large, max-video-preview:-1\" \/>\n<link rel=\"canonical\" href=\"https:\/\/paliodeplata.com\/tienda\/producto\/excursion-las-esperanzas-sevilla\/\" \/>\n<meta property=\"og:locale\" content=\"es_ES\" \/>\n<meta property=\"og:type\" content=\"article\" \/>\n<meta property=\"og:title\" content=\"Excursi\u00f3n &quot;Las Esperanzas Sevilla&quot; - Tienda\" \/>\n<meta property=\"og:description\" content=\"Compra tu ticket para la excursi\u00f3n con motivo del Santo Entierro Grande del pr\u00f3ximo S\u00e1bado Santo, 8 de abril de 2023, en Sevilla.\" \/>\n<meta property=\"og:url\" content=\"https:\/\/paliodeplata.com\/tienda\/producto\/excursion-las-esperanzas-sevilla\/\" \/>\n<meta property=\"og:site_name\" content=\"Tienda\" \/>\n<meta property=\"article:modified_time\" content=\"2024-03-12T17:12:33+00:00\" \/>\n<meta property=\"og:image\" content=\"https:\/\/paliodeplata.com\/tienda\/wp-content\/uploads\/sites\/9\/2023\/10\/WhatsApp-Image-2023-10-29-at-21.28.16.jpeg\" \/>\n\t<meta property=\"og:image:width\" content=\"1024\" \/>\n\t<meta property=\"og:image:height\" content=\"768\" \/>\n\t<meta property=\"og:image:type\" content=\"image\/jpeg\" \/>\n<meta name=\"twitter:card\" content=\"summary_large_image\" \/>\n<meta name=\"twitter:label1\" content=\"Tiempo de lectura\" \/>\n\t<meta name=\"twitter:data1\" content=\"1 minuto\" \/>\n<script type=\"application\/ld+json\" class=\"yoast-schema-graph\">{\"@context\":\"https:\/\/schema.org\",\"@graph\":[{\"@type\":\"WebPage\",\"@id\":\"https:\/\/paliodeplata.com\/tienda\/producto\/excursion-las-esperanzas-sevilla\/\",\"url\":\"https:\/\/paliodeplata.com\/tienda\/producto\/excursion-las-esperanzas-sevilla\/\",\"name\":\"Excursi\u00f3n \\\"Las Esperanzas Sevilla\\\" - Tienda\",\"isPartOf\":{\"@id\":\"https:\/\/paliodeplata.com\/tienda\/#website\"},\"primaryImageOfPage\":{\"@id\":\"https:\/\/paliodeplata.com\/tienda\/producto\/excursion-las-esperanzas-sevilla\/#primaryimage\"},\"image\":{\"@id\":\"https:\/\/paliodeplata.com\/tienda\/producto\/excursion-las-esperanzas-sevilla\/#primaryimage\"},\"thumbnailUrl\":\"https:\/\/paliodeplata.com\/tienda\/wp-content\/uploads\/sites\/9\/2023\/10\/WhatsApp-Image-2023-10-29-at-21.28.16.jpeg\",\"datePublished\":\"2023-10-30T19:11:38+00:00\",\"dateModified\":\"2024-03-12T17:12:33+00:00\",\"description\":\"Compra tu ticket para la excursi\u00f3n con motivo del Santo Entierro Grande del pr\u00f3ximo S\u00e1bado Santo, 8 de abril de 2023, en Sevilla.\",\"breadcrumb\":{\"@id\":\"https:\/\/paliodeplata.com\/tienda\/producto\/excursion-las-esperanzas-sevilla\/#breadcrumb\"},\"inLanguage\":\"es\",\"potentialAction\":[{\"@type\":\"ReadAction\",\"target\":[\"https:\/\/paliodeplata.com\/tienda\/producto\/excursion-las-esperanzas-sevilla\/\"]}]},{\"@type\":\"ImageObject\",\"inLanguage\":\"es\",\"@id\":\"https:\/\/paliodeplata.com\/tienda\/producto\/excursion-las-esperanzas-sevilla\/#primaryimage\",\"url\":\"https:\/\/paliodeplata.com\/tienda\/wp-content\/uploads\/sites\/9\/2023\/10\/WhatsApp-Image-2023-10-29-at-21.28.16.jpeg\",\"contentUrl\":\"https:\/\/paliodeplata.com\/tienda\/wp-content\/uploads\/sites\/9\/2023\/10\/WhatsApp-Image-2023-10-29-at-21.28.16.jpeg\",\"width\":1024,\"height\":768,\"caption\":\"excursion esperanza sevilla\"},{\"@type\":\"BreadcrumbList\",\"@id\":\"https:\/\/paliodeplata.com\/tienda\/producto\/excursion-las-esperanzas-sevilla\/#breadcrumb\",\"itemListElement\":[{\"@type\":\"ListItem\",\"position\":1,\"name\":\"Portada\",\"item\":\"https:\/\/paliodeplata.com\/tienda\/\"},{\"@type\":\"ListItem\",\"position\":2,\"name\":\"Tienda\",\"item\":\"https:\/\/paliodeplata.com\/tienda\/\"},{\"@type\":\"ListItem\",\"position\":3,\"name\":\"Excursi\u00f3n &#8220;Las Esperanzas Sevilla&#8221;\"}]},{\"@type\":\"WebSite\",\"@id\":\"https:\/\/paliodeplata.com\/tienda\/#website\",\"url\":\"https:\/\/paliodeplata.com\/tienda\/\",\"name\":\"Tienda\",\"description\":\"Palio de Plata\",\"potentialAction\":[{\"@type\":\"SearchAction\",\"target\":{\"@type\":\"EntryPoint\",\"urlTemplate\":\"https:\/\/paliodeplata.com\/tienda\/?s={search_term_string}\"},\"query-input\":{\"@type\":\"PropertyValueSpecification\",\"valueRequired\":true,\"valueName\":\"search_term_string\"}}],\"inLanguage\":\"es\"}]}<\/script>\n<!-- \/ Yoast SEO plugin. -->","yoast_head_json":{"title":"Excursi\u00f3n \"Las Esperanzas Sevilla\" - Tienda","description":"Compra tu ticket para la excursi\u00f3n con motivo del Santo Entierro Grande del pr\u00f3ximo S\u00e1bado Santo, 8 de abril de 2023, en Sevilla.","robots":{"index":"index","follow":"follow","max-snippet":"max-snippet:-1","max-image-preview":"max-image-preview:large","max-video-preview":"max-video-preview:-1"},"canonical":"https:\/\/paliodeplata.com\/tienda\/producto\/excursion-las-esperanzas-sevilla\/","og_locale":"es_ES","og_type":"article","og_title":"Excursi\u00f3n \"Las Esperanzas Sevilla\" - Tienda","og_description":"Compra tu ticket para la excursi\u00f3n con motivo del Santo Entierro Grande del pr\u00f3ximo S\u00e1bado Santo, 8 de abril de 2023, en Sevilla.","og_url":"https:\/\/paliodeplata.com\/tienda\/producto\/excursion-las-esperanzas-sevilla\/","og_site_name":"Tienda","article_modified_time":"2024-03-12T17:12:33+00:00","og_image":[{"width":1024,"height":768,"url":"https:\/\/paliodeplata.com\/tienda\/wp-content\/uploads\/sites\/9\/2023\/10\/WhatsApp-Image-2023-10-29-at-21.28.16.jpeg","type":"image\/jpeg"}],"twitter_card":"summary_large_image","twitter_misc":{"Tiempo de lectura":"1 minuto"},"schema":{"@context":"https:\/\/schema.org","@graph":[{"@type":"WebPage","@id":"https:\/\/paliodeplata.com\/tienda\/producto\/excursion-las-esperanzas-sevilla\/","url":"https:\/\/paliodeplata.com\/tienda\/producto\/excursion-las-esperanzas-sevilla\/","name":"Excursi\u00f3n \"Las Esperanzas Sevilla\" - Tienda","isPartOf":{"@id":"https:\/\/paliodeplata.com\/tienda\/#website"},"primaryImageOfPage":{"@id":"https:\/\/paliodeplata.com\/tienda\/producto\/excursion-las-esperanzas-sevilla\/#primaryimage"},"image":{"@id":"https:\/\/paliodeplata.com\/tienda\/producto\/excursion-las-esperanzas-sevilla\/#primaryimage"},"thumbnailUrl":"https:\/\/paliodeplata.com\/tienda\/wp-content\/uploads\/sites\/9\/2023\/10\/WhatsApp-Image-2023-10-29-at-21.28.16.jpeg","datePublished":"2023-10-30T19:11:38+00:00","dateModified":"2024-03-12T17:12:33+00:00","description":"Compra tu ticket para la excursi\u00f3n con motivo del Santo Entierro Grande del pr\u00f3ximo S\u00e1bado Santo, 8 de abril de 2023, en Sevilla.","breadcrumb":{"@id":"https:\/\/paliodeplata.com\/tienda\/producto\/excursion-las-esperanzas-sevilla\/#breadcrumb"},"inLanguage":"es","potentialAction":[{"@type":"ReadAction","target":["https:\/\/paliodeplata.com\/tienda\/producto\/excursion-las-esperanzas-sevilla\/"]}]},{"@type":"ImageObject","inLanguage":"es","@id":"https:\/\/paliodeplata.com\/tienda\/producto\/excursion-las-esperanzas-sevilla\/#primaryimage","url":"https:\/\/paliodeplata.com\/tienda\/wp-content\/uploads\/sites\/9\/2023\/10\/WhatsApp-Image-2023-10-29-at-21.28.16.jpeg","contentUrl":"https:\/\/paliodeplata.com\/tienda\/wp-content\/uploads\/sites\/9\/2023\/10\/WhatsApp-Image-2023-10-29-at-21.28.16.jpeg","width":1024,"height":768,"caption":"excursion esperanza sevilla"},{"@type":"BreadcrumbList","@id":"https:\/\/paliodeplata.com\/tienda\/producto\/excursion-las-esperanzas-sevilla\/#breadcrumb","itemListElement":[{"@type":"ListItem","position":1,"name":"Portada","item":"https:\/\/paliodeplata.com\/tienda\/"},{"@type":"ListItem","position":2,"name":"Tienda","item":"https:\/\/paliodeplata.com\/tienda\/"},{"@type":"ListItem","position":3,"name":"Excursi\u00f3n &#8220;Las Esperanzas Sevilla&#8221;"}]},{"@type":"WebSite","@id":"https:\/\/paliodeplata.com\/tienda\/#website","url":"https:\/\/paliodeplata.com\/tienda\/","name":"Tienda","description":"Palio de Plata","potentialAction":[{"@type":"SearchAction","target":{"@type":"EntryPoint","urlTemplate":"https:\/\/paliodeplata.com\/tienda\/?s={search_term_string}"},"query-input":{"@type":"PropertyValueSpecification","valueRequired":true,"valueName":"search_term_string"}}],"inLanguage":"es"}]}},"_links":{"self":[{"href":"https:\/\/paliodeplata.com\/tienda\/wp-json\/wp\/v2\/product\/7484","targetHints":{"allow":["GET"]}}],"collection":[{"href":"https:\/\/paliodeplata.com\/tienda\/wp-json\/wp\/v2\/product"}],"about":[{"href":"https:\/\/paliodeplata.com\/tienda\/wp-json\/wp\/v2\/types\/product"}],"replies":[{"embeddable":true,"href":"https:\/\/paliodeplata.com\/tienda\/wp-json\/wp\/v2\/comments?post=7484"}],"wp:featuredmedia":[{"embeddable":true,"href":"https:\/\/paliodeplata.com\/tienda\/wp-json\/wp\/v2\/media\/7485"}],"wp:attachment":[{"href":"https:\/\/paliodeplata.com\/tienda\/wp-json\/wp\/v2\/media?parent=7484"}],"wp:term":[{"taxonomy":"product_brand","embeddable":true,"href":"https:\/\/paliodeplata.com\/tienda\/wp-json\/wp\/v2\/product_brand?post=7484"},{"taxonomy":"product_cat","embeddable":true,"href":"https:\/\/paliodeplata.com\/tienda\/wp-json\/wp\/v2\/product_cat?post=7484"},{"taxonomy":"product_tag","embeddable":true,"href":"https:\/\/paliodeplata.com\/tienda\/wp-json\/wp\/v2\/product_tag?post=7484"}],"curies":[{"name":"wp","href":"https:\/\/api.w.org\/{rel}","templated":true}]}}